{"id":287,"date":"2025-10-13T15:59:50","date_gmt":"2025-10-13T15:59:50","guid":{"rendered":"https:\/\/villatoscana.vlgr.ca\/contactez-nous\/"},"modified":"2025-12-22T22:27:08","modified_gmt":"2025-12-22T22:27:08","slug":"contactez-nous","status":"publish","type":"page","link":"https:\/\/villatoscana.ca\/fr\/contactez-nous\/","title":{"rendered":"Contactez-nous"},"content":{"rendered":"\t\t<div data-elementor-type=\"wp-page\" data-elementor-id=\"287\" class=\"elementor elementor-287 elementor-170\" data-elementor-post-type=\"page\">\n\t\t\t\t<div class=\"elementor-element elementor-element-11fe9ed e-flex e-con-boxed e-con e-parent\" data-id=\"11fe9ed\" data-element_type=\"container\" data-settings=\"{&quot;background_background&quot;:&quot;classic&quot;,&quot;shape_divider_bottom&quot;:&quot;tilt&quot;,&quot;background_motion_fx_motion_fx_scrolling&quot;:&quot;yes&quot;,&quot;background_motion_fx_translateY_effect&quot;:&quot;yes&quot;,&quot;background_motion_fx_translateY_speed&quot;:{&quot;unit&quot;:&quot;px&quot;,&quot;size&quot;:4,&quot;sizes&quot;:[]},&quot;background_motion_fx_translateY_affectedRange&quot;:{&quot;unit&quot;:&quot;%&quot;,&quot;size&quot;:&quot;&quot;,&quot;sizes&quot;:{&quot;start&quot;:0,&quot;end&quot;:100}},&quot;background_motion_fx_devices&quot;:[&quot;desktop&quot;,&quot;tablet&quot;,&quot;mobile&quot;]}\">\n\t\t\t\t\t<div class=\"e-con-inner\">\n\t\t\t\t<div class=\"elementor-shape elementor-shape-bottom\" aria-hidden=\"true\" data-negative=\"false\">\n\t\t\t<svg xmlns=\"http:\/\/www.w3.org\/2000\/svg\" viewBox=\"0 0 1000 100\" preserveAspectRatio=\"none\">\n\t<path class=\"elementor-shape-fill\" d=\"M0,6V0h1000v100L0,6z\"\/>\n<\/svg>\t\t<\/div>\n\t\t\t\t<div class=\"elementor-element elementor-element-fa7d438 elementor-widget elementor-widget-heading\" data-id=\"fa7d438\" data-element_type=\"widget\" data-widget_type=\"heading.default\">\n\t\t\t\t\t<h1 class=\"elementor-heading-title elementor-size-default\">Contact<\/h1>\t\t\t\t<\/div>\n\t\t\t\t\t<\/div>\n\t\t\t\t<\/div>\n\t\t<div class=\"elementor-element elementor-element-592130f e-con-full e-flex e-con e-parent\" data-id=\"592130f\" data-element_type=\"container\" data-settings=\"{&quot;background_background&quot;:&quot;classic&quot;}\">\n\t\t<div class=\"elementor-element elementor-element-dba9aab e-con-full e-flex e-con e-child\" data-id=\"dba9aab\" data-element_type=\"container\" data-settings=\"{&quot;background_background&quot;:&quot;classic&quot;}\">\n\t\t\t\t<div class=\"elementor-element elementor-element-cece1a9 elementor-widget elementor-widget-heading\" data-id=\"cece1a9\" data-element_type=\"widget\" data-widget_type=\"heading.default\">\n\t\t\t\t\t<p class=\"elementor-heading-title elementor-size-default\">Contactez-nous<\/p>\t\t\t\t<\/div>\n\t\t\t\t<div class=\"elementor-element elementor-element-d1b42d8 elementor-widget elementor-widget-heading\" data-id=\"d1b42d8\" data-element_type=\"widget\" data-widget_type=\"heading.default\">\n\t\t\t\t\t<h2 class=\"elementor-heading-title elementor-size-default\">Nous aimerions avoir de vos nouvelles.<\/h2>\t\t\t\t<\/div>\n\t\t\t\t<div class=\"elementor-element elementor-element-c4f64db elementor-widget elementor-widget-text-editor\" data-id=\"c4f64db\" data-element_type=\"widget\" data-widget_type=\"text-editor.default\">\n\t\t\t\t\t\t\t\t\t<p>Que vous planifiiez un rassemblement intime ou une grande c\u00e9l\u00e9bration, notre famille est l\u00e0 pour vous aider \u00e0 donner vie \u00e0 votre \u00e9v\u00e9nement. Appelez-nous, envoyez-nous un courriel ou remplissez le formulaire, nous serons heureux de r\u00e9pondre \u00e0 vos questions et de vous guider \u00e0 chaque \u00e9tape du processus. <\/p><p> <\/p><p><a href=\"tel:+15143631606\">514-363-1606<\/a><br><a href=\"mailto:romina@villatoscana.ca\">romina@villatoscana.ca<\/a><\/p>\t\t\t\t\t\t\t\t<\/div>\n\t\t\t\t<\/div>\n\t\t<div class=\"elementor-element elementor-element-707707f e-con-full e-flex e-con e-child\" data-id=\"707707f\" data-element_type=\"container\">\n\t\t\t\t<div class=\"elementor-element elementor-element-85c9b4e elementor-button-align-stretch elementor-widget elementor-widget-form\" data-id=\"85c9b4e\" data-element_type=\"widget\" data-settings=\"{&quot;button_width&quot;:&quot;25&quot;,&quot;step_next_label&quot;:&quot;Next&quot;,&quot;step_previous_label&quot;:&quot;Previous&quot;,&quot;step_type&quot;:&quot;number_text&quot;,&quot;step_icon_shape&quot;:&quot;circle&quot;}\" data-widget_type=\"form.default\">\n\t\t\t\t\t\t\t<form class=\"elementor-form\" method=\"post\" name=\"Contact Form\" aria-label=\"Contact Form\">\n\t\t\t<input type=\"hidden\" name=\"post_id\" value=\"287\"\/>\n\t\t\t<input type=\"hidden\" name=\"form_id\" value=\"85c9b4e\"\/>\n\t\t\t<input type=\"hidden\" name=\"referer_title\" value=\"Contactez-nous - Villa Toscana\" \/>\n\n\t\t\t\t\t\t\t<input type=\"hidden\" name=\"queried_id\" value=\"287\"\/>\n\t\t\t\n\t\t\t<div class=\"elementor-form-fields-wrapper elementor-labels-above\">\n\t\t\t\t\t\t\t\t<div class=\"elementor-field-type-text elementor-field-group elementor-column elementor-field-group-name elementor-col-100 elementor-field-required elementor-mark-required\">\n\t\t\t\t\t\t\t\t\t\t\t\t<label for=\"form-field-name\" class=\"elementor-field-label\">\n\t\t\t\t\t\t\t\tNom\t\t\t\t\t\t\t<\/label>\n\t\t\t\t\t\t\t\t\t\t\t\t\t\t<input size=\"1\" type=\"text\" name=\"form_fields[name]\" id=\"form-field-name\" class=\"elementor-field elementor-size-sm  elementor-field-textual\" required=\"required\">\n\t\t\t\t\t\t\t\t\t\t\t<\/div>\n\t\t\t\t\t\t\t\t<div class=\"elementor-field-type-tel elementor-field-group elementor-column elementor-field-group-field_b97b482 elementor-col-100 elementor-field-required elementor-mark-required\">\n\t\t\t\t\t\t\t\t\t\t\t\t<label for=\"form-field-field_b97b482\" class=\"elementor-field-label\">\n\t\t\t\t\t\t\t\tNum\u00e9ro de t\u00e9l\u00e9phone\t\t\t\t\t\t\t<\/label>\n\t\t\t\t\t\t\t\t<input size=\"1\" type=\"tel\" name=\"form_fields[field_b97b482]\" id=\"form-field-field_b97b482\" class=\"elementor-field elementor-size-sm  elementor-field-textual\" required=\"required\" pattern=\"[0-9()#&amp;+*-=.]+\" title=\"Seuls les caract\u00e8res de num\u00e9ros de t\u00e9l\u00e9phone (#, -, *, etc.) sont accept\u00e9s.\">\n\n\t\t\t\t\t\t<\/div>\n\t\t\t\t\t\t\t\t<div class=\"elementor-field-type-email elementor-field-group elementor-column elementor-field-group-email elementor-col-100 elementor-field-required elementor-mark-required\">\n\t\t\t\t\t\t\t\t\t\t\t\t<label for=\"form-field-email\" class=\"elementor-field-label\">\n\t\t\t\t\t\t\t\tCourriel\t\t\t\t\t\t\t<\/label>\n\t\t\t\t\t\t\t\t\t\t\t\t\t\t<input size=\"1\" type=\"email\" name=\"form_fields[email]\" id=\"form-field-email\" class=\"elementor-field elementor-size-sm  elementor-field-textual\" required=\"required\">\n\t\t\t\t\t\t\t\t\t\t\t<\/div>\n\t\t\t\t\t\t\t\t<div class=\"elementor-field-type-textarea elementor-field-group elementor-column elementor-field-group-message elementor-col-100 elementor-field-required elementor-mark-required\">\n\t\t\t\t\t\t\t\t\t\t\t\t<label for=\"form-field-message\" class=\"elementor-field-label\">\n\t\t\t\t\t\t\t\tMessage\t\t\t\t\t\t\t<\/label>\n\t\t\t\t\t\t<textarea class=\"elementor-field-textual elementor-field  elementor-size-sm\" name=\"form_fields[message]\" id=\"form-field-message\" rows=\"4\" required=\"required\"><\/textarea>\t\t\t\t<\/div>\n\t\t\t\t\t\t\t\t<div class=\"elementor-field-type-recaptcha_v3 elementor-field-group elementor-column elementor-field-group-field_b3855af elementor-col-100 recaptcha_v3-bottomright\">\n\t\t\t\t\t<div class=\"elementor-field\" id=\"form-field-field_b3855af\"><div class=\"elementor-g-recaptcha\" data-sitekey=\"6Le2_TMsAAAAAAscPJ55o2D0Bzy8PmXuDTmFLX5S\" data-type=\"v3\" data-action=\"Form\" data-badge=\"bottomright\" data-size=\"invisible\"><\/div><\/div>\t\t\t\t<\/div>\n\t\t\t\t\t\t\t\t<div class=\"elementor-field-type-text\">\n\t\t\t\t\t<input size=\"1\" type=\"text\" name=\"form_fields[field_c93d658]\" id=\"form-field-field_c93d658\" class=\"elementor-field elementor-size-sm \" style=\"display:none !important;\">\t\t\t\t<\/div>\n\t\t\t\t\t\t\t\t<div class=\"elementor-field-group elementor-column elementor-field-type-submit elementor-col-25 e-form__buttons\">\n\t\t\t\t\t<button class=\"elementor-button elementor-size-sm\" type=\"submit\">\n\t\t\t\t\t\t<span class=\"elementor-button-content-wrapper\">\n\t\t\t\t\t\t\t\t\t\t\t\t\t\t\t\t\t\t\t\t\t\t<span class=\"elementor-button-text\">Envoyer<\/span>\n\t\t\t\t\t\t\t\t\t\t\t\t\t<\/span>\n\t\t\t\t\t<\/button>\n\t\t\t\t<\/div>\n\t\t\t<\/div>\n\t\t<\/form>\n\t\t\t\t\t\t<\/div>\n\t\t\t\t<\/div>\n\t\t\t\t<\/div>\n\t\t<div class=\"elementor-element elementor-element-0d20f49 e-con-full e-flex e-con e-parent\" data-id=\"0d20f49\" data-element_type=\"container\" data-settings=\"{&quot;background_background&quot;:&quot;classic&quot;}\">\n\t\t<div class=\"elementor-element elementor-element-05c4d16 e-con-full e-flex e-con e-child\" data-id=\"05c4d16\" data-element_type=\"container\">\n\t\t\t\t<div class=\"elementor-element elementor-element-382fcc2 elementor-widget elementor-widget-google_maps\" data-id=\"382fcc2\" data-element_type=\"widget\" data-widget_type=\"google_maps.default\">\n\t\t\t\t\t\t\t<div class=\"elementor-custom-embed\">\n\t\t\t<iframe loading=\"lazy\"\n\t\t\t\t\tsrc=\"https:\/\/maps.google.com\/maps?q=Villa%20Toscana%202232%20Rue%20Lapierre%2C%20Montr%C3%A9al%2C%20QC%20H8N%202N1&#038;t=m&#038;z=15&#038;output=embed&#038;iwloc=near\"\n\t\t\t\t\ttitle=\"Villa Toscana 2232 Rue Lapierre, Montr\u00e9al, QC H8N 2N1\"\n\t\t\t\t\taria-label=\"Villa Toscana 2232 Rue Lapierre, Montr\u00e9al, QC H8N 2N1\"\n\t\t\t><\/iframe>\n\t\t<\/div>\n\t\t\t\t\t\t<\/div>\n\t\t\t\t<\/div>\n\t\t\t\t<\/div>\n\t\t\t\t<\/div>\n\t\t","protected":false},"excerpt":{"rendered":"<p>Contact Contactez-nous Nous aimerions avoir de vos nouvelles. Que vous planifiiez un rassemblement intime ou une grande c\u00e9l\u00e9bration, notre famille est l\u00e0 pour vous aider \u00e0 donner vie \u00e0 votre \u00e9v\u00e9nement. Appelez-nous, envoyez-nous un courriel ou remplissez le formulaire, nous serons heureux de r\u00e9pondre \u00e0 vos questions et de vous guider \u00e0 chaque \u00e9tape du [&hellip;]<\/p>\n","protected":false},"author":1,"featured_media":0,"parent":0,"menu_order":0,"comment_status":"closed","ping_status":"closed","template":"","meta":{"footnotes":""},"class_list":["post-287","page","type-page","status-publish","hentry"],"yoast_head":"<!-- This site is optimized with the Yoast SEO plugin v26.6 - https:\/\/yoast.com\/wordpress\/plugins\/seo\/ -->\n<title>Contactez-nous - Villa Toscana<\/title>\n<meta name=\"robots\" content=\"index, follow, max-snippet:-1, max-image-preview:large, max-video-preview:-1\" \/>\n<link rel=\"canonical\" href=\"https:\/\/villatoscana.ca\/fr\/contactez-nous\/\" \/>\n<meta property=\"og:locale\" content=\"fr_CA\" \/>\n<meta property=\"og:type\" content=\"article\" \/>\n<meta property=\"og:title\" content=\"Contactez-nous - Villa Toscana\" \/>\n<meta property=\"og:description\" content=\"Contact Contactez-nous Nous aimerions avoir de vos nouvelles. Que vous planifiiez un rassemblement intime ou une grande c\u00e9l\u00e9bration, notre famille est l\u00e0 pour vous aider \u00e0 donner vie \u00e0 votre \u00e9v\u00e9nement. Appelez-nous, envoyez-nous un courriel ou remplissez le formulaire, nous serons heureux de r\u00e9pondre \u00e0 vos questions et de vous guider \u00e0 chaque \u00e9tape du [&hellip;]\" \/>\n<meta property=\"og:url\" content=\"https:\/\/villatoscana.ca\/fr\/contactez-nous\/\" \/>\n<meta property=\"og:site_name\" content=\"Villa Toscana\" \/>\n<meta property=\"article:publisher\" content=\"https:\/\/www.facebook.com\/Villatoscana2005\/\" \/>\n<meta property=\"article:modified_time\" content=\"2025-12-22T22:27:08+00:00\" \/>\n<meta name=\"twitter:card\" content=\"summary_large_image\" \/>\n<meta name=\"twitter:label1\" content=\"Estimation du temps de lecture\" \/>\n\t<meta name=\"twitter:data1\" content=\"1 minute\" \/>\n<script type=\"application\/ld+json\" class=\"yoast-schema-graph\">{\"@context\":\"https:\/\/schema.org\",\"@graph\":[{\"@type\":\"WebPage\",\"@id\":\"https:\/\/villatoscana.ca\/fr\/contactez-nous\/\",\"url\":\"https:\/\/villatoscana.ca\/fr\/contactez-nous\/\",\"name\":\"Contactez-nous - Villa Toscana\",\"isPartOf\":{\"@id\":\"https:\/\/villatoscana.ca\/fr\/#website\"},\"datePublished\":\"2025-10-13T15:59:50+00:00\",\"dateModified\":\"2025-12-22T22:27:08+00:00\",\"breadcrumb\":{\"@id\":\"https:\/\/villatoscana.ca\/fr\/contactez-nous\/#breadcrumb\"},\"inLanguage\":\"fr-CA\",\"potentialAction\":[{\"@type\":\"ReadAction\",\"target\":[\"https:\/\/villatoscana.ca\/fr\/contactez-nous\/\"]}]},{\"@type\":\"BreadcrumbList\",\"@id\":\"https:\/\/villatoscana.ca\/fr\/contactez-nous\/#breadcrumb\",\"itemListElement\":[{\"@type\":\"ListItem\",\"position\":1,\"name\":\"Home\",\"item\":\"https:\/\/villatoscana.ca\/fr\/\"},{\"@type\":\"ListItem\",\"position\":2,\"name\":\"Contactez-nous\"}]},{\"@type\":\"WebSite\",\"@id\":\"https:\/\/villatoscana.ca\/fr\/#website\",\"url\":\"https:\/\/villatoscana.ca\/fr\/\",\"name\":\"Villa Toscana\",\"description\":\"\",\"potentialAction\":[{\"@type\":\"SearchAction\",\"target\":{\"@type\":\"EntryPoint\",\"urlTemplate\":\"https:\/\/villatoscana.ca\/fr\/?s={search_term_string}\"},\"query-input\":{\"@type\":\"PropertyValueSpecification\",\"valueRequired\":true,\"valueName\":\"search_term_string\"}}],\"inLanguage\":\"fr-CA\"}]}<\/script>\n<!-- \/ Yoast SEO plugin. -->","yoast_head_json":{"title":"Contactez-nous - Villa Toscana","robots":{"index":"index","follow":"follow","max-snippet":"max-snippet:-1","max-image-preview":"max-image-preview:large","max-video-preview":"max-video-preview:-1"},"canonical":"https:\/\/villatoscana.ca\/fr\/contactez-nous\/","og_locale":"fr_CA","og_type":"article","og_title":"Contactez-nous - Villa Toscana","og_description":"Contact Contactez-nous Nous aimerions avoir de vos nouvelles. Que vous planifiiez un rassemblement intime ou une grande c\u00e9l\u00e9bration, notre famille est l\u00e0 pour vous aider \u00e0 donner vie \u00e0 votre \u00e9v\u00e9nement. Appelez-nous, envoyez-nous un courriel ou remplissez le formulaire, nous serons heureux de r\u00e9pondre \u00e0 vos questions et de vous guider \u00e0 chaque \u00e9tape du [&hellip;]","og_url":"https:\/\/villatoscana.ca\/fr\/contactez-nous\/","og_site_name":"Villa Toscana","article_publisher":"https:\/\/www.facebook.com\/Villatoscana2005\/","article_modified_time":"2025-12-22T22:27:08+00:00","twitter_card":"summary_large_image","twitter_misc":{"Estimation du temps de lecture":"1 minute"},"schema":{"@context":"https:\/\/schema.org","@graph":[{"@type":"WebPage","@id":"https:\/\/villatoscana.ca\/fr\/contactez-nous\/","url":"https:\/\/villatoscana.ca\/fr\/contactez-nous\/","name":"Contactez-nous - Villa Toscana","isPartOf":{"@id":"https:\/\/villatoscana.ca\/fr\/#website"},"datePublished":"2025-10-13T15:59:50+00:00","dateModified":"2025-12-22T22:27:08+00:00","breadcrumb":{"@id":"https:\/\/villatoscana.ca\/fr\/contactez-nous\/#breadcrumb"},"inLanguage":"fr-CA","potentialAction":[{"@type":"ReadAction","target":["https:\/\/villatoscana.ca\/fr\/contactez-nous\/"]}]},{"@type":"BreadcrumbList","@id":"https:\/\/villatoscana.ca\/fr\/contactez-nous\/#breadcrumb","itemListElement":[{"@type":"ListItem","position":1,"name":"Home","item":"https:\/\/villatoscana.ca\/fr\/"},{"@type":"ListItem","position":2,"name":"Contactez-nous"}]},{"@type":"WebSite","@id":"https:\/\/villatoscana.ca\/fr\/#website","url":"https:\/\/villatoscana.ca\/fr\/","name":"Villa Toscana","description":"","potentialAction":[{"@type":"SearchAction","target":{"@type":"EntryPoint","urlTemplate":"https:\/\/villatoscana.ca\/fr\/?s={search_term_string}"},"query-input":{"@type":"PropertyValueSpecification","valueRequired":true,"valueName":"search_term_string"}}],"inLanguage":"fr-CA"}]}},"_links":{"self":[{"href":"https:\/\/villatoscana.ca\/fr\/wp-json\/wp\/v2\/pages\/287","targetHints":{"allow":["GET"]}}],"collection":[{"href":"https:\/\/villatoscana.ca\/fr\/wp-json\/wp\/v2\/pages"}],"about":[{"href":"https:\/\/villatoscana.ca\/fr\/wp-json\/wp\/v2\/types\/page"}],"author":[{"embeddable":true,"href":"https:\/\/villatoscana.ca\/fr\/wp-json\/wp\/v2\/users\/1"}],"replies":[{"embeddable":true,"href":"https:\/\/villatoscana.ca\/fr\/wp-json\/wp\/v2\/comments?post=287"}],"version-history":[{"count":8,"href":"https:\/\/villatoscana.ca\/fr\/wp-json\/wp\/v2\/pages\/287\/revisions"}],"predecessor-version":[{"id":333,"href":"https:\/\/villatoscana.ca\/fr\/wp-json\/wp\/v2\/pages\/287\/revisions\/333"}],"wp:attachment":[{"href":"https:\/\/villatoscana.ca\/fr\/wp-json\/wp\/v2\/media?parent=287"}],"curies":[{"name":"wp","href":"https:\/\/api.w.org\/{rel}","templated":true}]}}