{"id":291,"date":"2025-11-30T13:49:31","date_gmt":"2025-11-30T13:49:31","guid":{"rendered":"https:\/\/villatoscana.vlgr.ca\/?page_id=291"},"modified":"2025-12-22T22:38:23","modified_gmt":"2025-12-22T22:38:23","slug":"traiteur","status":"publish","type":"page","link":"https:\/\/villatoscana.ca\/fr\/traiteur\/","title":{"rendered":"Traiteur"},"content":{"rendered":"\t\t<div data-elementor-type=\"wp-page\" data-elementor-id=\"291\" class=\"elementor elementor-291 elementor-231\" data-elementor-post-type=\"page\">\n\t\t\t\t<div class=\"elementor-element elementor-element-2320604 e-flex e-con-boxed e-con e-parent\" data-id=\"2320604\" data-element_type=\"container\" data-settings=\"{&quot;background_background&quot;:&quot;classic&quot;,&quot;shape_divider_bottom&quot;:&quot;tilt&quot;,&quot;background_motion_fx_motion_fx_scrolling&quot;:&quot;yes&quot;,&quot;background_motion_fx_translateY_effect&quot;:&quot;yes&quot;,&quot;background_motion_fx_translateY_speed&quot;:{&quot;unit&quot;:&quot;px&quot;,&quot;size&quot;:4,&quot;sizes&quot;:[]},&quot;background_motion_fx_translateY_affectedRange&quot;:{&quot;unit&quot;:&quot;%&quot;,&quot;size&quot;:&quot;&quot;,&quot;sizes&quot;:{&quot;start&quot;:0,&quot;end&quot;:100}},&quot;background_motion_fx_devices&quot;:[&quot;desktop&quot;,&quot;tablet&quot;,&quot;mobile&quot;]}\">\n\t\t\t\t\t<div class=\"e-con-inner\">\n\t\t\t\t<div class=\"elementor-shape elementor-shape-bottom\" aria-hidden=\"true\" data-negative=\"false\">\n\t\t\t<svg xmlns=\"http:\/\/www.w3.org\/2000\/svg\" viewBox=\"0 0 1000 100\" preserveAspectRatio=\"none\">\n\t<path class=\"elementor-shape-fill\" d=\"M0,6V0h1000v100L0,6z\"\/>\n<\/svg>\t\t<\/div>\n\t\t\t\t<div class=\"elementor-element elementor-element-1d762fd elementor-widget elementor-widget-heading\" data-id=\"1d762fd\" data-element_type=\"widget\" data-widget_type=\"heading.default\">\n\t\t\t\t\t<h1 class=\"elementor-heading-title elementor-size-default\">Menu traiteur<\/h1>\t\t\t\t<\/div>\n\t\t\t\t\t<\/div>\n\t\t\t\t<\/div>\n\t\t<div class=\"elementor-element elementor-element-6ac4871 e-con-full e-flex e-con e-parent\" data-id=\"6ac4871\" data-element_type=\"container\" data-settings=\"{&quot;background_background&quot;:&quot;classic&quot;}\">\n\t\t<div class=\"elementor-element elementor-element-0f66b38 e-con-full e-flex e-con e-child\" data-id=\"0f66b38\" data-element_type=\"container\" data-settings=\"{&quot;background_background&quot;:&quot;classic&quot;}\">\n\t\t\t\t<div class=\"elementor-element elementor-element-f57c0a3 elementor-widget elementor-widget-heading\" data-id=\"f57c0a3\" data-element_type=\"widget\" data-widget_type=\"heading.default\">\n\t\t\t\t\t<p class=\"elementor-heading-title elementor-size-default\">D\u00e9couvrir<\/p>\t\t\t\t<\/div>\n\t\t\t\t<div class=\"elementor-element elementor-element-289b746 elementor-widget elementor-widget-heading\" data-id=\"289b746\" data-element_type=\"widget\" data-widget_type=\"heading.default\">\n\t\t\t\t\t<h2 class=\"elementor-heading-title elementor-size-default\">Nos sp\u00e9cialit\u00e9s<\/h2>\t\t\t\t<\/div>\n\t\t\t\t<div class=\"elementor-element elementor-element-07629b5 elementor-widget elementor-widget-text-editor\" data-id=\"07629b5\" data-element_type=\"widget\" data-widget_type=\"text-editor.default\">\n\t\t\t\t\t\t\t\t\t<p>Nous proposons d\u00e9sormais des services de restauration et des lunch box pour tous vos besoins priv\u00e9s ou professionnels.<\/p><p>Cr\u00e9ez votre propre menu parmi notre vaste choix d&rsquo;options chaudes, froides ou desserts.<\/p>\t\t\t\t\t\t\t\t<\/div>\n\t\t\t\t<div class=\"elementor-element elementor-element-0c17a7b elementor-widget elementor-widget-n-accordion\" data-id=\"0c17a7b\" data-element_type=\"widget\" data-settings=\"{&quot;default_state&quot;:&quot;expanded&quot;,&quot;max_items_expended&quot;:&quot;one&quot;,&quot;n_accordion_animation_duration&quot;:{&quot;unit&quot;:&quot;ms&quot;,&quot;size&quot;:400,&quot;sizes&quot;:[]}}\" data-widget_type=\"nested-accordion.default\">\n\t\t\t\t\t\t\t<div class=\"e-n-accordion\" aria-label=\"Accordion. Open links with Enter or Space, close with Escape, and navigate with Arrow Keys\">\n\t\t\t\t\t\t<details id=\"e-n-accordion-item-1260\" class=\"e-n-accordion-item\" open>\n\t\t\t\t<summary class=\"e-n-accordion-item-title\" data-accordion-index=\"1\" tabindex=\"0\" aria-expanded=\"true\" aria-controls=\"e-n-accordion-item-1260\" >\n\t\t\t\t\t<span class='e-n-accordion-item-title-header'><div class=\"e-n-accordion-item-title-text\"> Menu Chaud <\/div><\/span>\n\t\t\t\t\t\t\t<span class='e-n-accordion-item-title-icon'>\n\t\t\t<span class='e-opened' ><svg aria-hidden=\"true\" class=\"e-font-icon-svg e-fas-minus\" viewBox=\"0 0 448 512\" xmlns=\"http:\/\/www.w3.org\/2000\/svg\"><path d=\"M416 208H32c-17.67 0-32 14.33-32 32v32c0 17.67 14.33 32 32 32h384c17.67 0 32-14.33 32-32v-32c0-17.67-14.33-32-32-32z\"><\/path><\/svg><\/span>\n\t\t\t<span class='e-closed'><svg aria-hidden=\"true\" class=\"e-font-icon-svg e-fas-plus\" viewBox=\"0 0 448 512\" xmlns=\"http:\/\/www.w3.org\/2000\/svg\"><path d=\"M416 208H272V64c0-17.67-14.33-32-32-32h-32c-17.67 0-32 14.33-32 32v144H32c-17.67 0-32 14.33-32 32v32c0 17.67 14.33 32 32 32h144v144c0 17.67 14.33 32 32 32h32c17.67 0 32-14.33 32-32V304h144c17.67 0 32-14.33 32-32v-32c0-17.67-14.33-32-32-32z\"><\/path><\/svg><\/span>\n\t\t<\/span>\n\n\t\t\t\t\t\t<\/summary>\n\t\t\t\t<div role=\"region\" aria-labelledby=\"e-n-accordion-item-1260\" class=\"elementor-element elementor-element-b34cdbe e-con-full e-flex e-con e-child\" data-id=\"b34cdbe\" data-element_type=\"container\">\n\t\t\t\t<div class=\"elementor-element elementor-element-44f569a elementor-widget elementor-widget-text-editor\" data-id=\"44f569a\" data-element_type=\"widget\" data-widget_type=\"text-editor.default\">\n\t\t\t\t\t\t\t\t\t<p>Tortellini (farci au fromage ou a la viande)<br \/>Penne, Fusilli ou Cavatelli (sauce au tomate, sauce ros\u00e9 ou rapini &amp; saucisse)<br \/>Lasagne (a la viande ou vegetaienne)<br \/>Cannelloni (farci au fromage ou a la viande)<br \/>Aubergine Parmesan<br \/>Rigatoni au four<br \/>Poulet Cordon Bleu<br \/>Poulet (Milanaise ou Parmesan)<br \/>Escalope de Veau (au demi-glace, champignons ou marsala)<br \/>Veau (Milanaise ou Parmesan)<br \/>Saucisse Italienne Pepperonata<br \/>Roti du b\u0153uf<br \/>Roti de Veau<br \/>Osso Bucco<br \/>C\u00f4tes d\u2019agneau<br \/>Jarret d\u2019agneau brais\u00e9<br \/>Porchetta<br \/>Saumon Grill\u00e9<br \/>Calmars Frits<br \/>L\u00e9gumes Saut\u00e9s<br \/>L\u00e9gumes Grill\u00e9es<br \/>Champignons Farcies<br \/>Olives Farcies<br \/>Boulettes de Riz<\/p>\t\t\t\t\t\t\t\t<\/div>\n\t\t\t\t<\/div>\n\t\t\t\t\t<\/details>\n\t\t\t\t\t\t<details id=\"e-n-accordion-item-1261\" class=\"e-n-accordion-item\" >\n\t\t\t\t<summary class=\"e-n-accordion-item-title\" data-accordion-index=\"2\" tabindex=\"-1\" aria-expanded=\"false\" aria-controls=\"e-n-accordion-item-1261\" >\n\t\t\t\t\t<span class='e-n-accordion-item-title-header'><div class=\"e-n-accordion-item-title-text\">  Menu Froide <\/div><\/span>\n\t\t\t\t\t\t\t<span class='e-n-accordion-item-title-icon'>\n\t\t\t<span class='e-opened' ><svg aria-hidden=\"true\" class=\"e-font-icon-svg e-fas-minus\" viewBox=\"0 0 448 512\" xmlns=\"http:\/\/www.w3.org\/2000\/svg\"><path d=\"M416 208H32c-17.67 0-32 14.33-32 32v32c0 17.67 14.33 32 32 32h384c17.67 0 32-14.33 32-32v-32c0-17.67-14.33-32-32-32z\"><\/path><\/svg><\/span>\n\t\t\t<span class='e-closed'><svg aria-hidden=\"true\" class=\"e-font-icon-svg e-fas-plus\" viewBox=\"0 0 448 512\" xmlns=\"http:\/\/www.w3.org\/2000\/svg\"><path d=\"M416 208H272V64c0-17.67-14.33-32-32-32h-32c-17.67 0-32 14.33-32 32v144H32c-17.67 0-32 14.33-32 32v32c0 17.67 14.33 32 32 32h144v144c0 17.67 14.33 32 32 32h32c17.67 0 32-14.33 32-32V304h144c17.67 0 32-14.33 32-32v-32c0-17.67-14.33-32-32-32z\"><\/path><\/svg><\/span>\n\t\t<\/span>\n\n\t\t\t\t\t\t<\/summary>\n\t\t\t\t<div role=\"region\" aria-labelledby=\"e-n-accordion-item-1261\" class=\"elementor-element elementor-element-2b28ce3 e-con-full e-flex e-con e-child\" data-id=\"2b28ce3\" data-element_type=\"container\">\n\t\t\t\t<div class=\"elementor-element elementor-element-98fa75c elementor-widget elementor-widget-text-editor\" data-id=\"98fa75c\" data-element_type=\"widget\" data-widget_type=\"text-editor.default\">\n\t\t\t\t\t\t\t\t\t<p>Pizza Varies<br \/>Plateau de Viandes Froides<br \/>Plateau de Fromage<br \/>Sandwiches Panini vari\u00e9s<br \/>Sandwiches de Porchetta<br \/>Sandwiches de Saucisse Italienne<br \/>Wraps au Poulet<br \/>Wraps au Thon<br \/>Brochette de Bocconcini &amp; Tomate<br \/>Crudit\u00e9s<br \/>Salade Verte<br \/>Salade de Pommes de Terre<br \/>Salade de P\u00e2tes<br \/>Salade de Fruits de Mer<br \/>Sushi Vari\u00e9s<br \/>Cocktail de Crevettes<\/p>\t\t\t\t\t\t\t\t<\/div>\n\t\t\t\t<\/div>\n\t\t\t\t\t<\/details>\n\t\t\t\t\t\t<details id=\"e-n-accordion-item-1262\" class=\"e-n-accordion-item\" >\n\t\t\t\t<summary class=\"e-n-accordion-item-title\" data-accordion-index=\"3\" tabindex=\"-1\" aria-expanded=\"false\" aria-controls=\"e-n-accordion-item-1262\" >\n\t\t\t\t\t<span class='e-n-accordion-item-title-header'><div class=\"e-n-accordion-item-title-text\">  Menu Desserts  <\/div><\/span>\n\t\t\t\t\t\t\t<span class='e-n-accordion-item-title-icon'>\n\t\t\t<span class='e-opened' ><svg aria-hidden=\"true\" class=\"e-font-icon-svg e-fas-minus\" viewBox=\"0 0 448 512\" xmlns=\"http:\/\/www.w3.org\/2000\/svg\"><path d=\"M416 208H32c-17.67 0-32 14.33-32 32v32c0 17.67 14.33 32 32 32h384c17.67 0 32-14.33 32-32v-32c0-17.67-14.33-32-32-32z\"><\/path><\/svg><\/span>\n\t\t\t<span class='e-closed'><svg aria-hidden=\"true\" class=\"e-font-icon-svg e-fas-plus\" viewBox=\"0 0 448 512\" xmlns=\"http:\/\/www.w3.org\/2000\/svg\"><path d=\"M416 208H272V64c0-17.67-14.33-32-32-32h-32c-17.67 0-32 14.33-32 32v144H32c-17.67 0-32 14.33-32 32v32c0 17.67 14.33 32 32 32h144v144c0 17.67 14.33 32 32 32h32c17.67 0 32-14.33 32-32V304h144c17.67 0 32-14.33 32-32v-32c0-17.67-14.33-32-32-32z\"><\/path><\/svg><\/span>\n\t\t<\/span>\n\n\t\t\t\t\t\t<\/summary>\n\t\t\t\t<div role=\"region\" aria-labelledby=\"e-n-accordion-item-1262\" class=\"elementor-element elementor-element-8d1b952 e-con-full e-flex e-con e-child\" data-id=\"8d1b952\" data-element_type=\"container\">\n\t\t\t\t<div class=\"elementor-element elementor-element-d998027 elementor-widget elementor-widget-text-editor\" data-id=\"d998027\" data-element_type=\"widget\" data-widget_type=\"text-editor.default\">\n\t\t\t\t\t\t\t\t\t<p>Plateau de Fruits<br \/>Salade de Fruits<br \/>Mini P\u00e2tisseries<br \/>G\u00e2teau au Vanille<br \/>G\u00e2teau au Chocolat<br \/>G\u00e2teau Tirami Su<br \/>G\u00e2teau au Fererro Rocher<br \/>G\u00e2teau Frasier<\/p>\t\t\t\t\t\t\t\t<\/div>\n\t\t\t\t<\/div>\n\t\t\t\t\t<\/details>\n\t\t\t\t\t<\/div>\n\t\t\t\t\t\t<\/div>\n\t\t\t\t<div class=\"elementor-element elementor-element-c4be888 elementor-widget elementor-widget-button\" data-id=\"c4be888\" data-element_type=\"widget\" data-widget_type=\"button.default\">\n\t\t\t\t\t\t\t\t\t\t<a class=\"elementor-button elementor-button-link elementor-size-sm\" href=\"\/fr\/contactez-nous\/\">\n\t\t\t\t\t\t<span class=\"elementor-button-content-wrapper\">\n\t\t\t\t\t\t\t\t\t<span class=\"elementor-button-text\">Commandez maintenant<\/span>\n\t\t\t\t\t<\/span>\n\t\t\t\t\t<\/a>\n\t\t\t\t\t\t\t\t<\/div>\n\t\t\t\t<\/div>\n\t\t<div class=\"elementor-element elementor-element-2d31164 e-con-full e-flex e-con e-child\" data-id=\"2d31164\" data-element_type=\"container\">\n\t\t\t\t<div class=\"elementor-element elementor-element-2e0a908 elementor-widget elementor-widget-image\" data-id=\"2e0a908\" data-element_type=\"widget\" data-widget_type=\"image.default\">\n\t\t\t\t\t\t\t\t\t\t\t\t\t\t\t<img fetchpriority=\"high\" decoding=\"async\" width=\"800\" height=\"534\" src=\"https:\/\/villatoscana.ca\/wp-content\/uploads\/2025\/12\/buffet-catering-photo-1024x684.jpeg\" class=\"attachment-large size-large wp-image-294\" alt=\"\" srcset=\"https:\/\/villatoscana.ca\/wp-content\/uploads\/2025\/12\/buffet-catering-photo-1024x684.jpeg 1024w, https:\/\/villatoscana.ca\/wp-content\/uploads\/2025\/12\/buffet-catering-photo-300x200.jpeg 300w, https:\/\/villatoscana.ca\/wp-content\/uploads\/2025\/12\/buffet-catering-photo-768x513.jpeg 768w, https:\/\/villatoscana.ca\/wp-content\/uploads\/2025\/12\/buffet-catering-photo.jpeg 1504w\" sizes=\"(max-width: 800px) 100vw, 800px\" \/>\t\t\t\t\t\t\t\t\t\t\t\t\t\t\t<\/div>\n\t\t\t\t<\/div>\n\t\t\t\t<\/div>\n\t\t<div class=\"elementor-element elementor-element-fe7e204 e-flex e-con-boxed e-con e-parent\" data-id=\"fe7e204\" data-element_type=\"container\" data-settings=\"{&quot;background_background&quot;:&quot;classic&quot;,&quot;background_motion_fx_motion_fx_scrolling&quot;:&quot;yes&quot;,&quot;background_motion_fx_translateY_effect&quot;:&quot;yes&quot;,&quot;shape_divider_top&quot;:&quot;tilt&quot;,&quot;shape_divider_bottom&quot;:&quot;tilt&quot;,&quot;background_motion_fx_translateY_speed&quot;:{&quot;unit&quot;:&quot;px&quot;,&quot;size&quot;:4,&quot;sizes&quot;:[]},&quot;background_motion_fx_translateY_affectedRange&quot;:{&quot;unit&quot;:&quot;%&quot;,&quot;size&quot;:&quot;&quot;,&quot;sizes&quot;:{&quot;start&quot;:0,&quot;end&quot;:100}},&quot;background_motion_fx_devices&quot;:[&quot;desktop&quot;,&quot;tablet&quot;,&quot;mobile&quot;]}\">\n\t\t\t\t\t<div class=\"e-con-inner\">\n\t\t\t\t<div class=\"elementor-shape elementor-shape-top\" aria-hidden=\"true\" data-negative=\"false\">\n\t\t\t<svg xmlns=\"http:\/\/www.w3.org\/2000\/svg\" viewBox=\"0 0 1000 100\" preserveAspectRatio=\"none\">\n\t<path class=\"elementor-shape-fill\" d=\"M0,6V0h1000v100L0,6z\"\/>\n<\/svg>\t\t<\/div>\n\t\t\t\t<div class=\"elementor-shape elementor-shape-bottom\" aria-hidden=\"true\" data-negative=\"false\">\n\t\t\t<svg xmlns=\"http:\/\/www.w3.org\/2000\/svg\" viewBox=\"0 0 1000 100\" preserveAspectRatio=\"none\">\n\t<path class=\"elementor-shape-fill\" d=\"M0,6V0h1000v100L0,6z\"\/>\n<\/svg>\t\t<\/div>\n\t\t<div class=\"elementor-element elementor-element-2e2b003 e-con-full e-flex e-con e-child\" data-id=\"2e2b003\" data-element_type=\"container\" data-settings=\"{&quot;background_background&quot;:&quot;classic&quot;}\">\n\t\t\t\t<div class=\"elementor-element elementor-element-6c856f0 elementor-widget elementor-widget-heading\" data-id=\"6c856f0\" data-element_type=\"widget\" data-widget_type=\"heading.default\">\n\t\t\t\t\t<h2 class=\"elementor-heading-title elementor-size-default\">Pr\u00eat \u00e0 planifier votre \u00e9v\u00e9nement ?<\/h2>\t\t\t\t<\/div>\n\t\t\t\t<div class=\"elementor-element elementor-element-d59df2c elementor-widget elementor-widget-text-editor\" data-id=\"d59df2c\" data-element_type=\"widget\" data-widget_type=\"text-editor.default\">\n\t\t\t\t\t\t\t\t\t<p>\u00c0 la Villa Toscana, chaque c\u00e9l\u00e9bration est plus qu&rsquo;un \u00e9v\u00e9nement : c&rsquo;est un moment partag\u00e9 avec la famille, les amis et les proches. Que vous planifiiez une grande r\u00e9ception ou un rassemblement chaleureux, nous serons \u00e0 vos c\u00f4t\u00e9s avec chaleur, attention et hospitalit\u00e9 italienne authentique. <\/p><p>Contactez-nous d\u00e8s aujourd&rsquo;hui pour r\u00e9server votre date ou planifier une consultation personnelle. Nous serions honor\u00e9s de faire partie de votre journ\u00e9e sp\u00e9ciale.<\/p>\t\t\t\t\t\t\t\t<\/div>\n\t\t\t\t<div class=\"elementor-element elementor-element-ee0f003 elementor-widget elementor-widget-button\" data-id=\"ee0f003\" data-element_type=\"widget\" data-widget_type=\"button.default\">\n\t\t\t\t\t\t\t\t\t\t<a class=\"elementor-button elementor-button-link elementor-size-sm\" href=\"https:\/\/villatoscana.ca\/fr\/contactez-nous\/\">\n\t\t\t\t\t\t<span class=\"elementor-button-content-wrapper\">\n\t\t\t\t\t\t\t\t\t<span class=\"elementor-button-text\">Commen\u00e7ons<\/span>\n\t\t\t\t\t<\/span>\n\t\t\t\t\t<\/a>\n\t\t\t\t\t\t\t\t<\/div>\n\t\t\t\t<\/div>\n\t\t\t\t\t<\/div>\n\t\t\t\t<\/div>\n\t\t\t\t<\/div>\n\t\t","protected":false},"excerpt":{"rendered":"<p>Menu traiteur D\u00e9couvrir Nos sp\u00e9cialit\u00e9s Nous proposons d\u00e9sormais des services de restauration et des lunch box pour tous vos besoins priv\u00e9s ou professionnels. Cr\u00e9ez votre propre menu parmi notre vaste choix d&rsquo;options chaudes, froides ou desserts. Menu Chaud Tortellini (farci au fromage ou a la viande)Penne, Fusilli ou Cavatelli (sauce au tomate, sauce ros\u00e9 ou [&hellip;]<\/p>\n","protected":false},"author":1,"featured_media":0,"parent":0,"menu_order":0,"comment_status":"closed","ping_status":"closed","template":"","meta":{"footnotes":""},"class_list":["post-291","page","type-page","status-publish","hentry"],"yoast_head":"<!-- This site is optimized with the Yoast SEO plugin v26.6 - https:\/\/yoast.com\/wordpress\/plugins\/seo\/ -->\n<title>Traiteur - Villa Toscana<\/title>\n<meta name=\"robots\" content=\"index, follow, max-snippet:-1, max-image-preview:large, max-video-preview:-1\" \/>\n<link rel=\"canonical\" href=\"https:\/\/villatoscana.ca\/fr\/traiteur\/\" \/>\n<meta property=\"og:locale\" content=\"fr_CA\" \/>\n<meta property=\"og:type\" content=\"article\" \/>\n<meta property=\"og:title\" content=\"Traiteur - Villa Toscana\" \/>\n<meta property=\"og:description\" content=\"Menu traiteur D\u00e9couvrir Nos sp\u00e9cialit\u00e9s Nous proposons d\u00e9sormais des services de restauration et des lunch box pour tous vos besoins priv\u00e9s ou professionnels. Cr\u00e9ez votre propre menu parmi notre vaste choix d&rsquo;options chaudes, froides ou desserts. Menu Chaud Tortellini (farci au fromage ou a la viande)Penne, Fusilli ou Cavatelli (sauce au tomate, sauce ros\u00e9 ou [&hellip;]\" \/>\n<meta property=\"og:url\" content=\"https:\/\/villatoscana.ca\/fr\/traiteur\/\" \/>\n<meta property=\"og:site_name\" content=\"Villa Toscana\" \/>\n<meta property=\"article:publisher\" content=\"https:\/\/www.facebook.com\/Villatoscana2005\/\" \/>\n<meta property=\"article:modified_time\" content=\"2025-12-22T22:38:23+00:00\" \/>\n<meta property=\"og:image\" content=\"https:\/\/villatoscana.ca\/wp-content\/uploads\/2025\/12\/buffet-catering-photo-1024x684.jpeg\" \/>\n<meta name=\"twitter:card\" content=\"summary_large_image\" \/>\n<meta name=\"twitter:label1\" content=\"Estimation du temps de lecture\" \/>\n\t<meta name=\"twitter:data1\" content=\"3 minutes\" \/>\n<script type=\"application\/ld+json\" class=\"yoast-schema-graph\">{\"@context\":\"https:\/\/schema.org\",\"@graph\":[{\"@type\":\"WebPage\",\"@id\":\"https:\/\/villatoscana.ca\/fr\/traiteur\/\",\"url\":\"https:\/\/villatoscana.ca\/fr\/traiteur\/\",\"name\":\"Traiteur - Villa Toscana\",\"isPartOf\":{\"@id\":\"https:\/\/villatoscana.ca\/fr\/#website\"},\"primaryImageOfPage\":{\"@id\":\"https:\/\/villatoscana.ca\/fr\/traiteur\/#primaryimage\"},\"image\":{\"@id\":\"https:\/\/villatoscana.ca\/fr\/traiteur\/#primaryimage\"},\"thumbnailUrl\":\"https:\/\/villatoscana.ca\/wp-content\/uploads\/2025\/12\/buffet-catering-photo-1024x684.jpeg\",\"datePublished\":\"2025-11-30T13:49:31+00:00\",\"dateModified\":\"2025-12-22T22:38:23+00:00\",\"breadcrumb\":{\"@id\":\"https:\/\/villatoscana.ca\/fr\/traiteur\/#breadcrumb\"},\"inLanguage\":\"fr-CA\",\"potentialAction\":[{\"@type\":\"ReadAction\",\"target\":[\"https:\/\/villatoscana.ca\/fr\/traiteur\/\"]}]},{\"@type\":\"ImageObject\",\"inLanguage\":\"fr-CA\",\"@id\":\"https:\/\/villatoscana.ca\/fr\/traiteur\/#primaryimage\",\"url\":\"https:\/\/villatoscana.ca\/wp-content\/uploads\/2025\/12\/buffet-catering-photo-1024x684.jpeg\",\"contentUrl\":\"https:\/\/villatoscana.ca\/wp-content\/uploads\/2025\/12\/buffet-catering-photo-1024x684.jpeg\"},{\"@type\":\"BreadcrumbList\",\"@id\":\"https:\/\/villatoscana.ca\/fr\/traiteur\/#breadcrumb\",\"itemListElement\":[{\"@type\":\"ListItem\",\"position\":1,\"name\":\"Home\",\"item\":\"https:\/\/villatoscana.ca\/fr\/\"},{\"@type\":\"ListItem\",\"position\":2,\"name\":\"Traiteur\"}]},{\"@type\":\"WebSite\",\"@id\":\"https:\/\/villatoscana.ca\/fr\/#website\",\"url\":\"https:\/\/villatoscana.ca\/fr\/\",\"name\":\"Villa Toscana\",\"description\":\"\",\"potentialAction\":[{\"@type\":\"SearchAction\",\"target\":{\"@type\":\"EntryPoint\",\"urlTemplate\":\"https:\/\/villatoscana.ca\/fr\/?s={search_term_string}\"},\"query-input\":{\"@type\":\"PropertyValueSpecification\",\"valueRequired\":true,\"valueName\":\"search_term_string\"}}],\"inLanguage\":\"fr-CA\"}]}<\/script>\n<!-- \/ Yoast SEO plugin. -->","yoast_head_json":{"title":"Traiteur - Villa Toscana","robots":{"index":"index","follow":"follow","max-snippet":"max-snippet:-1","max-image-preview":"max-image-preview:large","max-video-preview":"max-video-preview:-1"},"canonical":"https:\/\/villatoscana.ca\/fr\/traiteur\/","og_locale":"fr_CA","og_type":"article","og_title":"Traiteur - Villa Toscana","og_description":"Menu traiteur D\u00e9couvrir Nos sp\u00e9cialit\u00e9s Nous proposons d\u00e9sormais des services de restauration et des lunch box pour tous vos besoins priv\u00e9s ou professionnels. Cr\u00e9ez votre propre menu parmi notre vaste choix d&rsquo;options chaudes, froides ou desserts. Menu Chaud Tortellini (farci au fromage ou a la viande)Penne, Fusilli ou Cavatelli (sauce au tomate, sauce ros\u00e9 ou [&hellip;]","og_url":"https:\/\/villatoscana.ca\/fr\/traiteur\/","og_site_name":"Villa Toscana","article_publisher":"https:\/\/www.facebook.com\/Villatoscana2005\/","article_modified_time":"2025-12-22T22:38:23+00:00","og_image":[{"url":"https:\/\/villatoscana.ca\/wp-content\/uploads\/2025\/12\/buffet-catering-photo-1024x684.jpeg","type":"","width":"","height":""}],"twitter_card":"summary_large_image","twitter_misc":{"Estimation du temps de lecture":"3 minutes"},"schema":{"@context":"https:\/\/schema.org","@graph":[{"@type":"WebPage","@id":"https:\/\/villatoscana.ca\/fr\/traiteur\/","url":"https:\/\/villatoscana.ca\/fr\/traiteur\/","name":"Traiteur - Villa Toscana","isPartOf":{"@id":"https:\/\/villatoscana.ca\/fr\/#website"},"primaryImageOfPage":{"@id":"https:\/\/villatoscana.ca\/fr\/traiteur\/#primaryimage"},"image":{"@id":"https:\/\/villatoscana.ca\/fr\/traiteur\/#primaryimage"},"thumbnailUrl":"https:\/\/villatoscana.ca\/wp-content\/uploads\/2025\/12\/buffet-catering-photo-1024x684.jpeg","datePublished":"2025-11-30T13:49:31+00:00","dateModified":"2025-12-22T22:38:23+00:00","breadcrumb":{"@id":"https:\/\/villatoscana.ca\/fr\/traiteur\/#breadcrumb"},"inLanguage":"fr-CA","potentialAction":[{"@type":"ReadAction","target":["https:\/\/villatoscana.ca\/fr\/traiteur\/"]}]},{"@type":"ImageObject","inLanguage":"fr-CA","@id":"https:\/\/villatoscana.ca\/fr\/traiteur\/#primaryimage","url":"https:\/\/villatoscana.ca\/wp-content\/uploads\/2025\/12\/buffet-catering-photo-1024x684.jpeg","contentUrl":"https:\/\/villatoscana.ca\/wp-content\/uploads\/2025\/12\/buffet-catering-photo-1024x684.jpeg"},{"@type":"BreadcrumbList","@id":"https:\/\/villatoscana.ca\/fr\/traiteur\/#breadcrumb","itemListElement":[{"@type":"ListItem","position":1,"name":"Home","item":"https:\/\/villatoscana.ca\/fr\/"},{"@type":"ListItem","position":2,"name":"Traiteur"}]},{"@type":"WebSite","@id":"https:\/\/villatoscana.ca\/fr\/#website","url":"https:\/\/villatoscana.ca\/fr\/","name":"Villa Toscana","description":"","potentialAction":[{"@type":"SearchAction","target":{"@type":"EntryPoint","urlTemplate":"https:\/\/villatoscana.ca\/fr\/?s={search_term_string}"},"query-input":{"@type":"PropertyValueSpecification","valueRequired":true,"valueName":"search_term_string"}}],"inLanguage":"fr-CA"}]}},"_links":{"self":[{"href":"https:\/\/villatoscana.ca\/fr\/wp-json\/wp\/v2\/pages\/291","targetHints":{"allow":["GET"]}}],"collection":[{"href":"https:\/\/villatoscana.ca\/fr\/wp-json\/wp\/v2\/pages"}],"about":[{"href":"https:\/\/villatoscana.ca\/fr\/wp-json\/wp\/v2\/types\/page"}],"author":[{"embeddable":true,"href":"https:\/\/villatoscana.ca\/fr\/wp-json\/wp\/v2\/users\/1"}],"replies":[{"embeddable":true,"href":"https:\/\/villatoscana.ca\/fr\/wp-json\/wp\/v2\/comments?post=291"}],"version-history":[{"count":7,"href":"https:\/\/villatoscana.ca\/fr\/wp-json\/wp\/v2\/pages\/291\/revisions"}],"predecessor-version":[{"id":339,"href":"https:\/\/villatoscana.ca\/fr\/wp-json\/wp\/v2\/pages\/291\/revisions\/339"}],"wp:attachment":[{"href":"https:\/\/villatoscana.ca\/fr\/wp-json\/wp\/v2\/media?parent=291"}],"curies":[{"name":"wp","href":"https:\/\/api.w.org\/{rel}","templated":true}]}}